{"id":608,"date":"2025-03-07T19:20:09","date_gmt":"2025-03-07T19:20:09","guid":{"rendered":"https:\/\/neu.xeoneurope.com\/?page_id=608"},"modified":"2026-01-13T06:34:12","modified_gmt":"2026-01-13T06:34:12","slug":"ueber-uns","status":"publish","type":"page","link":"https:\/\/siegertours.com\/index.php\/ueber-uns\/","title":{"rendered":"ueber uns"},"content":{"rendered":"\t\t<div data-elementor-type=\"wp-page\" data-elementor-id=\"608\" class=\"elementor elementor-608\" data-elementor-post-type=\"page\">\n\t\t\t\t\t\t<section class=\"elementor-section elementor-top-section elementor-element elementor-element-df1da84 elementor-section-boxed elementor-section-height-default elementor-section-height-default\" data-id=\"df1da84\" data-element_type=\"section\">\n\t\t\t\t\t\t<div class=\"elementor-container elementor-column-gap-default\">\n\t\t\t\t\t<div class=\"elementor-column elementor-col-100 elementor-top-column elementor-element elementor-element-a8da24c\" data-id=\"a8da24c\" data-element_type=\"column\">\n\t\t\t<div class=\"elementor-widget-wrap elementor-element-populated\">\n\t\t\t\t\t\t<div class=\"elementor-element elementor-element-d7927ec elementor-widget elementor-widget-spacer\" data-id=\"d7927ec\" data-element_type=\"widget\" data-widget_type=\"spacer.default\">\n\t\t\t\t<div class=\"elementor-widget-container\">\n\t\t\t\t\t\t\t<div class=\"elementor-spacer\">\n\t\t\t<div class=\"elementor-spacer-inner\"><\/div>\n\t\t<\/div>\n\t\t\t\t\t\t<\/div>\n\t\t\t\t<\/div>\n\t\t\t\t\t<\/div>\n\t\t<\/div>\n\t\t\t\t\t<\/div>\n\t\t<\/section>\n\t\t<div class=\"elementor-element elementor-element-c108ee7 e-flex e-con-boxed e-con e-parent\" data-id=\"c108ee7\" data-element_type=\"container\">\n\t\t\t\t\t<div class=\"e-con-inner\">\n\t\t<div class=\"elementor-element elementor-element-76fdf7f e-con-full e-flex e-con e-child\" data-id=\"76fdf7f\" data-element_type=\"container\">\n\t\t\t\t<\/div>\n\t\t<div class=\"elementor-element elementor-element-6fc9ef3 e-con-full e-flex e-con e-child\" data-id=\"6fc9ef3\" data-element_type=\"container\">\n\t\t\t\t<div class=\"elementor-element elementor-element-8e082fd elementor-widget elementor-widget-text-editor\" data-id=\"8e082fd\" data-element_type=\"widget\" data-widget_type=\"text-editor.default\">\n\t\t\t\t<div class=\"elementor-widget-container\">\n\t\t\t\t\t\t\t\t\t<p><span style=\"color: #000000;\">\u00dcber uns \u2013 Siegertours.com<\/span><\/p>\t\t\t\t\t\t\t\t<\/div>\n\t\t\t\t<\/div>\n\t\t\t\t<div class=\"elementor-element elementor-element-c15664f elementor-widget elementor-widget-video\" data-id=\"c15664f\" data-element_type=\"widget\" data-settings=\"{&quot;video_type&quot;:&quot;hosted&quot;,&quot;autoplay&quot;:&quot;yes&quot;,&quot;play_on_mobile&quot;:&quot;yes&quot;,&quot;controls&quot;:&quot;yes&quot;}\" data-widget_type=\"video.default\">\n\t\t\t\t<div class=\"elementor-widget-container\">\n\t\t\t\t\t\t\t<div class=\"e-hosted-video elementor-wrapper elementor-open-inline\">\n\t\t\t\t\t<video class=\"elementor-video\" src=\"https:\/\/siegertours.com\/wp-content\/uploads\/2026\/01\/WhatsApp-Video-2026-01-04-at-13.06.22-1.mp4\" autoplay=\"\" controls=\"\" playsinline=\"\" controlsList=\"nodownload\"><\/video>\n\t\t\t\t<\/div>\n\t\t\t\t\t\t<\/div>\n\t\t\t\t<\/div>\n\t\t\t\t<div class=\"elementor-element elementor-element-312707d elementor-widget elementor-widget-text-editor\" data-id=\"312707d\" data-element_type=\"widget\" data-widget_type=\"text-editor.default\">\n\t\t\t\t<div class=\"elementor-widget-container\">\n\t\t\t\t\t\t\t\t\t<p data-start=\"252\" data-end=\"508\"><span style=\"color: #000000;\"><strong data-start=\"252\" data-end=\"271\">Siegertours.com<\/strong> steht f\u00fcr komfortable, zuverl\u00e4ssige und gut organisierte <strong data-start=\"329\" data-end=\"373\">Busreisen in Deutschland und ganz Europa<\/strong>. Unser Ziel ist es, Reisen einfach zu machen: mit klarer Planung, fairen Preisen und einem Service, auf den Sie sich verlassen k\u00f6nnen.<\/span><\/p><p data-start=\"510\" data-end=\"808\"><span style=\"color: #000000;\">Ob Tagesausflug, St\u00e4dte-Trip, Gruppenreise oder mehrt\u00e4gige Tour \u2013 wir bringen Sie sicher ans Ziel und sorgen daf\u00fcr, dass Ihre Reise nicht nur eine Fahrt ist, sondern ein Erlebnis. Dabei legen wir besonderen Wert auf <strong data-start=\"726\" data-end=\"737\">Komfort<\/strong>, <strong data-start=\"739\" data-end=\"756\">P\u00fcnktlichkeit<\/strong>, <strong data-start=\"758\" data-end=\"772\">Sicherheit<\/strong> und eine reibungslose Organisation.<\/span><\/p>\t\t\t\t\t\t\t\t<\/div>\n\t\t\t\t<\/div>\n\t\t\t\t<div class=\"elementor-element elementor-element-a328d9a elementor-widget elementor-widget-n-accordion\" data-id=\"a328d9a\" data-element_type=\"widget\" data-settings=\"{&quot;default_state&quot;:&quot;all_collapsed&quot;,&quot;max_items_expended&quot;:&quot;one&quot;,&quot;n_accordion_animation_duration&quot;:{&quot;unit&quot;:&quot;ms&quot;,&quot;size&quot;:400,&quot;sizes&quot;:[]}}\" data-widget_type=\"nested-accordion.default\">\n\t\t\t\t<div class=\"elementor-widget-container\">\n\t\t\t\t\t\t\t<div class=\"e-n-accordion\" aria-label=\"Accordion. Open links with Enter or Space, close with Escape, and navigate with Arrow Keys\">\n\t\t\t\t\t\t<details id=\"e-n-accordion-item-1710\" class=\"e-n-accordion-item\" >\n\t\t\t\t<summary class=\"e-n-accordion-item-title\" data-accordion-index=\"1\" tabindex=\"0\" aria-expanded=\"false\" aria-controls=\"e-n-accordion-item-1710\" >\n\t\t\t\t\t<span class='e-n-accordion-item-title-header'><div class=\"e-n-accordion-item-title-text\"> Mehr als Europa <\/div><\/span>\n\t\t\t\t\t\t\t<span class='e-n-accordion-item-title-icon'>\n\t\t\t<span class='e-opened' ><svg aria-hidden=\"true\" class=\"e-font-icon-svg e-fas-minus\" viewBox=\"0 0 448 512\" xmlns=\"http:\/\/www.w3.org\/2000\/svg\"><path d=\"M416 208H32c-17.67 0-32 14.33-32 32v32c0 17.67 14.33 32 32 32h384c17.67 0 32-14.33 32-32v-32c0-17.67-14.33-32-32-32z\"><\/path><\/svg><\/span>\n\t\t\t<span class='e-closed'><svg aria-hidden=\"true\" class=\"e-font-icon-svg e-fas-plus\" viewBox=\"0 0 448 512\" xmlns=\"http:\/\/www.w3.org\/2000\/svg\"><path d=\"M416 208H272V64c0-17.67-14.33-32-32-32h-32c-17.67 0-32 14.33-32 32v144H32c-17.67 0-32 14.33-32 32v32c0 17.67 14.33 32 32 32h144v144c0 17.67 14.33 32 32 32h32c17.67 0 32-14.33 32-32V304h144c17.67 0 32-14.33 32-32v-32c0-17.67-14.33-32-32-32z\"><\/path><\/svg><\/span>\n\t\t<\/span>\n\n\t\t\t\t\t\t<\/summary>\n\t\t\t\t<div role=\"region\" aria-labelledby=\"e-n-accordion-item-1710\" class=\"elementor-element elementor-element-05bba48 e-con-full e-flex e-con e-child\" data-id=\"05bba48\" data-element_type=\"container\">\n\t\t<div role=\"region\" aria-labelledby=\"e-n-accordion-item-1710\" class=\"elementor-element elementor-element-79f9609 e-con-full e-flex e-con e-child\" data-id=\"79f9609\" data-element_type=\"container\">\n\t\t\t\t<\/div>\n\t\t<div role=\"region\" aria-labelledby=\"e-n-accordion-item-1710\" class=\"elementor-element elementor-element-3df190a e-con-full e-flex e-con e-child\" data-id=\"3df190a\" data-element_type=\"container\">\n\t\t\t\t<div class=\"elementor-element elementor-element-3ddfbf6 elementor-widget elementor-widget-text-editor\" data-id=\"3ddfbf6\" data-element_type=\"widget\" data-widget_type=\"text-editor.default\">\n\t\t\t\t<div class=\"elementor-widget-container\">\n\t\t\t\t\t\t\t\t\t<h3 data-start=\"810\" data-end=\"857\"><span style=\"color: #000000;\">Mehr als Europa: Reiseerlebnisse in \u00c4gypten<\/span><\/h3><p data-start=\"858\" data-end=\"1077\"><span style=\"color: #000000;\">Zus\u00e4tzlich zu unseren Busreisen bieten wir Ihnen auch ausgew\u00e4hlte <strong data-start=\"924\" data-end=\"968\">Reise-Features und Erlebnisse in \u00c4gypten<\/strong> an \u2013 \u00fcber unser Partnerangebot <strong data-start=\"1000\" data-end=\"1017\">Sieger Reisen<\/strong> unter <strong data-start=\"1024\" data-end=\"1045\">sieger-reisen.com<\/strong>. Dort finden Sie unter anderem:<\/span><\/p><ul data-start=\"1079\" data-end=\"1215\"><li data-start=\"1079\" data-end=\"1101\"><p data-start=\"1081\" data-end=\"1101\"><span style=\"color: #000000;\">Hotels und Resorts<\/span><\/p><\/li><li data-start=\"1102\" data-end=\"1140\"><p data-start=\"1104\" data-end=\"1140\"><span style=\"color: #000000;\">Transfers und individuelle Fahrten<\/span><\/p><\/li><li data-start=\"1141\" data-end=\"1167\"><p data-start=\"1143\" data-end=\"1167\"><span style=\"color: #000000;\">Tagestouren &amp; Ausfl\u00fcge<\/span><\/p><\/li><li data-start=\"1168\" data-end=\"1215\"><p data-start=\"1170\" data-end=\"1215\"><span style=\"color: #000000;\">Rundreisen und besondere Erlebnisse vor Ort<\/span><\/p><\/li><\/ul><p data-start=\"1217\" data-end=\"1378\"><span style=\"color: #000000;\">So erhalten Sie bei uns nicht nur Touren in Europa, sondern auch <strong data-start=\"1282\" data-end=\"1321\">spannende Reiseoptionen f\u00fcr \u00c4gypten<\/strong> \u2013 geb\u00fcndelt, organisiert und mit pers\u00f6nlicher Betreuung.<\/span><\/p>\t\t\t\t\t\t\t\t<\/div>\n\t\t\t\t<\/div>\n\t\t\t\t<\/div>\n\t\t<div role=\"region\" aria-labelledby=\"e-n-accordion-item-1710\" class=\"elementor-element elementor-element-0f148eb e-con-full e-flex e-con e-child\" data-id=\"0f148eb\" data-element_type=\"container\">\n\t\t\t\t<\/div>\n\t\t\t\t<\/div>\n\t\t\t\t\t<\/details>\n\t\t\t\t\t\t<details id=\"e-n-accordion-item-1711\" class=\"e-n-accordion-item\" >\n\t\t\t\t<summary class=\"e-n-accordion-item-title\" data-accordion-index=\"2\" tabindex=\"-1\" aria-expanded=\"false\" aria-controls=\"e-n-accordion-item-1711\" >\n\t\t\t\t\t<span class='e-n-accordion-item-title-header'><div class=\"e-n-accordion-item-title-text\"> Unser Anspruch <\/div><\/span>\n\t\t\t\t\t\t\t<span class='e-n-accordion-item-title-icon'>\n\t\t\t<span class='e-opened' ><svg aria-hidden=\"true\" class=\"e-font-icon-svg e-fas-minus\" viewBox=\"0 0 448 512\" xmlns=\"http:\/\/www.w3.org\/2000\/svg\"><path d=\"M416 208H32c-17.67 0-32 14.33-32 32v32c0 17.67 14.33 32 32 32h384c17.67 0 32-14.33 32-32v-32c0-17.67-14.33-32-32-32z\"><\/path><\/svg><\/span>\n\t\t\t<span class='e-closed'><svg aria-hidden=\"true\" class=\"e-font-icon-svg e-fas-plus\" viewBox=\"0 0 448 512\" xmlns=\"http:\/\/www.w3.org\/2000\/svg\"><path d=\"M416 208H272V64c0-17.67-14.33-32-32-32h-32c-17.67 0-32 14.33-32 32v144H32c-17.67 0-32 14.33-32 32v32c0 17.67 14.33 32 32 32h144v144c0 17.67 14.33 32 32 32h32c17.67 0 32-14.33 32-32V304h144c17.67 0 32-14.33 32-32v-32c0-17.67-14.33-32-32-32z\"><\/path><\/svg><\/span>\n\t\t<\/span>\n\n\t\t\t\t\t\t<\/summary>\n\t\t\t\t<div role=\"region\" aria-labelledby=\"e-n-accordion-item-1711\" class=\"elementor-element elementor-element-4069dc7 e-con-full e-flex e-con e-child\" data-id=\"4069dc7\" data-element_type=\"container\">\n\t\t<div role=\"region\" aria-labelledby=\"e-n-accordion-item-1711\" class=\"elementor-element elementor-element-07e64e2 e-con-full e-flex e-con e-child\" data-id=\"07e64e2\" data-element_type=\"container\">\n\t\t\t\t<\/div>\n\t\t<div role=\"region\" aria-labelledby=\"e-n-accordion-item-1711\" class=\"elementor-element elementor-element-267c1f0 e-con-full e-flex e-con e-child\" data-id=\"267c1f0\" data-element_type=\"container\">\n\t\t\t\t<div class=\"elementor-element elementor-element-72371fc elementor-widget elementor-widget-text-editor\" data-id=\"72371fc\" data-element_type=\"widget\" data-widget_type=\"text-editor.default\">\n\t\t\t\t<div class=\"elementor-widget-container\">\n\t\t\t\t\t\t\t\t\t<h3 data-start=\"1380\" data-end=\"1398\"><span style=\"color: #000000;\">Unser Anspruch<\/span><\/h3><p data-start=\"1399\" data-end=\"1610\"><span style=\"color: #000000;\">Wir m\u00f6chten, dass Sie sich vom ersten Kontakt bis zur R\u00fcckkehr gut aufgehoben f\u00fchlen. Deshalb kombinieren wir <strong data-start=\"1509\" data-end=\"1540\">professionelle Reiseplanung<\/strong> mit <strong data-start=\"1545\" data-end=\"1569\">pers\u00f6nlichem Service<\/strong> \u2013 f\u00fcr Reisen, die in Erinnerung bleiben. <\/span><\/p>\t\t\t\t\t\t\t\t<\/div>\n\t\t\t\t<\/div>\n\t\t\t\t<\/div>\n\t\t<div role=\"region\" aria-labelledby=\"e-n-accordion-item-1711\" class=\"elementor-element elementor-element-b787d57 e-con-full e-flex e-con e-child\" data-id=\"b787d57\" data-element_type=\"container\">\n\t\t\t\t<\/div>\n\t\t\t\t<\/div>\n\t\t\t\t\t<\/details>\n\t\t\t\t\t<\/div>\n\t\t\t\t\t\t<\/div>\n\t\t\t\t<\/div>\n\t\t\t\t<div class=\"elementor-element elementor-element-08a47d1 elementor-widget elementor-widget-text-editor\" data-id=\"08a47d1\" data-element_type=\"widget\" data-widget_type=\"text-editor.default\">\n\t\t\t\t<div class=\"elementor-widget-container\">\n\t\t\t\t\t\t\t\t\t<p><span style=\"color: #000000;\"><strong>In Kooperation mit DF Tour GmbH<\/strong><\/span><\/p>\t\t\t\t\t\t\t\t<\/div>\n\t\t\t\t<\/div>\n\t\t\t\t<div class=\"elementor-element elementor-element-ef2b6ad elementor-widget elementor-widget-image\" data-id=\"ef2b6ad\" data-element_type=\"widget\" data-widget_type=\"image.default\">\n\t\t\t\t<div class=\"elementor-widget-container\">\n\t\t\t\t\t\t\t\t\t\t\t\t\t\t\t<img fetchpriority=\"high\" decoding=\"async\" width=\"640\" height=\"271\" src=\"https:\/\/siegertours.com\/wp-content\/uploads\/2026\/01\/Gemini_Generated_Image_c4ltj2c4ltj2c4lt-1024x434.png\" class=\"attachment-large size-large wp-image-1160\" alt=\"\" srcset=\"https:\/\/siegertours.com\/wp-content\/uploads\/2026\/01\/Gemini_Generated_Image_c4ltj2c4ltj2c4lt-1024x434.png 1024w, https:\/\/siegertours.com\/wp-content\/uploads\/2026\/01\/Gemini_Generated_Image_c4ltj2c4ltj2c4lt-300x127.png 300w, https:\/\/siegertours.com\/wp-content\/uploads\/2026\/01\/Gemini_Generated_Image_c4ltj2c4ltj2c4lt-768x326.png 768w, https:\/\/siegertours.com\/wp-content\/uploads\/2026\/01\/Gemini_Generated_Image_c4ltj2c4ltj2c4lt-1536x652.png 1536w, https:\/\/siegertours.com\/wp-content\/uploads\/2026\/01\/Gemini_Generated_Image_c4ltj2c4ltj2c4lt-2048x869.png 2048w\" sizes=\"(max-width: 640px) 100vw, 640px\" \/>\t\t\t\t\t\t\t\t\t\t\t\t\t\t\t<\/div>\n\t\t\t\t<\/div>\n\t\t\t\t<\/div>\n\t\t<div class=\"elementor-element elementor-element-f69a5e4 e-con-full e-flex e-con e-child\" data-id=\"f69a5e4\" data-element_type=\"container\">\n\t\t\t\t<div class=\"elementor-element elementor-element-e189d81 elementor-widget elementor-widget-spacer\" data-id=\"e189d81\" data-element_type=\"widget\" data-widget_type=\"spacer.default\">\n\t\t\t\t<div class=\"elementor-widget-container\">\n\t\t\t\t\t\t\t<div class=\"elementor-spacer\">\n\t\t\t<div class=\"elementor-spacer-inner\"><\/div>\n\t\t<\/div>\n\t\t\t\t\t\t<\/div>\n\t\t\t\t<\/div>\n\t\t\t\t<div class=\"elementor-element elementor-element-178b4b1 elementor-widget elementor-widget-image\" data-id=\"178b4b1\" data-element_type=\"widget\" data-widget_type=\"image.default\">\n\t\t\t\t<div class=\"elementor-widget-container\">\n\t\t\t\t\t\t\t\t\t\t\t\t\t\t\t<img decoding=\"async\" width=\"371\" height=\"673\" src=\"https:\/\/siegertours.com\/wp-content\/uploads\/2026\/01\/meik24.png\" class=\"attachment-large size-large wp-image-1396\" alt=\"\" srcset=\"https:\/\/siegertours.com\/wp-content\/uploads\/2026\/01\/meik24.png 371w, https:\/\/siegertours.com\/wp-content\/uploads\/2026\/01\/meik24-165x300.png 165w\" sizes=\"(max-width: 371px) 100vw, 371px\" \/>\t\t\t\t\t\t\t\t\t\t\t\t\t\t\t<\/div>\n\t\t\t\t<\/div>\n\t\t\t\t<\/div>\n\t\t\t\t\t<\/div>\n\t\t\t\t<\/div>\n\t\t\t\t<\/div>\n\t\t","protected":false},"excerpt":{"rendered":"<p>\u00dcber uns \u2013 Siegertours.com https:\/\/siegertours.com\/wp-content\/uploads\/2026\/01\/WhatsApp-Video-2026-01-04-at-13.06.22-1.mp4 Siegertours.com steht f\u00fcr komfortable, zuverl\u00e4ssige und gut organisierte Busreisen in Deutschland und ganz Europa. Unser Ziel ist es, Reisen einfach zu machen: mit klarer Planung, fairen Preisen und einem Service, auf den Sie sich verlassen k\u00f6nnen. Ob Tagesausflug, St\u00e4dte-Trip, Gruppenreise oder mehrt\u00e4gige Tour \u2013 wir bringen Sie sicher ans Ziel [&hellip;]<\/p>\n","protected":false},"author":1,"featured_media":0,"parent":0,"menu_order":0,"comment_status":"closed","ping_status":"closed","template":"page-builder.php","meta":{"footnotes":""},"class_list":["post-608","page","type-page","status-publish","hentry"],"_links":{"self":[{"href":"https:\/\/siegertours.com\/index.php\/wp-json\/wp\/v2\/pages\/608","targetHints":{"allow":["GET"]}}],"collection":[{"href":"https:\/\/siegertours.com\/index.php\/wp-json\/wp\/v2\/pages"}],"about":[{"href":"https:\/\/siegertours.com\/index.php\/wp-json\/wp\/v2\/types\/page"}],"author":[{"embeddable":true,"href":"https:\/\/siegertours.com\/index.php\/wp-json\/wp\/v2\/users\/1"}],"replies":[{"embeddable":true,"href":"https:\/\/siegertours.com\/index.php\/wp-json\/wp\/v2\/comments?post=608"}],"version-history":[{"count":40,"href":"https:\/\/siegertours.com\/index.php\/wp-json\/wp\/v2\/pages\/608\/revisions"}],"predecessor-version":[{"id":1405,"href":"https:\/\/siegertours.com\/index.php\/wp-json\/wp\/v2\/pages\/608\/revisions\/1405"}],"wp:attachment":[{"href":"https:\/\/siegertours.com\/index.php\/wp-json\/wp\/v2\/media?parent=608"}],"curies":[{"name":"wp","href":"https:\/\/api.w.org\/{rel}","templated":true}]}}